{"id":2,"date":"2023-06-16T12:21:32","date_gmt":"2023-06-16T12:21:32","guid":{"rendered":"http:\/\/akalininsaat.com\/?page_id=2"},"modified":"2023-08-24T20:07:25","modified_gmt":"2023-08-24T20:07:25","slug":"hakkimizda","status":"publish","type":"page","link":"https:\/\/akalininsaat.com\/index.php\/hakkimizda\/","title":{"rendered":"Hakk\u0131m\u0131zda"},"content":{"rendered":"[vc_row][vc_column][vc_empty_space height=&#8221;180px&#8221;][\/vc_column][\/vc_row][vc_row][vc_column width=&#8221;2\/3&#8243;][vc_column_text]\r\n<div class=\"wpb_text_column wpb_content_element \">\r\n<div class=\"wpb_wrapper\">\r\n<h2 class=\" nd_options_first_font \"><strong>Akal\u0131n \u0130n\u015faat<\/strong><\/h2>\r\n&nbsp;\r\n\r\nAkal\u0131n \u0130n\u015faat 20 y\u0131l\u0131 a\u015fan tecr\u00fcbesi ile in\u015faat sekt\u00f6r\u00fcndeki g\u00fcvenilirli\u011fini ve yenilik\u00e7i dinamizmi ile b\u00fcy\u00fcmesini s\u00fcrd\u00fcrmektedir. Konut imalat\u0131 m\u00fc\u015fteri kitlesi ihtiyac\u0131 ve lokasyon dikkate al\u0131narak farkl\u0131 fakat nitelikli projeler \u015feklinde hayata ge\u00e7irilmektedir.\r\n\r\n<\/div>\r\n<\/div>\r\n<div class=\"nicdark_section \"><\/div>\r\n<div class=\"wpb_text_column wpb_content_element \">\r\n<div class=\"wpb_wrapper\">\r\n\r\nVermi\u015f oldu\u011fumuz Taahh\u00fct, Kat kar\u015f\u0131l\u0131\u011f\u0131 ve in\u015faat hizmetleri ile katma de\u011feri y\u00fcksek geri d\u00f6n\u00fc\u015f\u00fcmler sa\u011flamaktay\u0131z. Yap\u0131lan i\u015flerde g\u00f6rev alan uzman kadro ve ekip \u00e7al\u0131\u015fmas\u0131 sonucu do\u011fan i\u015f g\u00fcc\u00fc ve de\u011fer kazan\u0131m\u0131n\u0131n getirmi\u015f oldu\u011fu toplam kalite \u00fcretimimizi ta\u00e7land\u0131rmaktad\u0131r.\r\n\r\n<\/div>\r\n<\/div>\r\n\u00a0[\/vc_column_text][\/vc_column][vc_column width=&#8221;1\/3&#8243;][vc_images_carousel images=&#8221;1668&#8243; img_size=&#8221;250px 400px&#8221;][\/vc_column][\/vc_row]<!-- \/wp:post-content -->","protected":false},"excerpt":{"rendered":"<p>[vc_row][vc_column][vc_empty_space height=&#8221;180px&#8221;][\/vc_column][\/vc_row][vc_row][vc_column width=&#8221;2\/3&#8243;][vc_column_text] Akal\u0131n \u0130n\u015faat &nbsp; Akal\u0131n \u0130n\u015faat 20 y\u0131l\u0131 a\u015fan tecr\u00fcbesi ile in\u015faat sekt\u00f6r\u00fcndeki g\u00fcvenilirli\u011fini ve yenilik\u00e7i dinamizmi ile b\u00fcy\u00fcmesini s\u00fcrd\u00fcrmektedir. Konut imalat\u0131 m\u00fc\u015fteri kitlesi ihtiyac\u0131 ve lokasyon dikkate al\u0131narak farkl\u0131 fakat nitelikli projeler \u015feklinde hayata ge\u00e7irilmektedir. Vermi\u015f oldu\u011fumuz Taahh\u00fct, Kat kar\u015f\u0131l\u0131\u011f\u0131 ve in\u015faat hizmetleri ile katma de\u011feri y\u00fcksek geri d\u00f6n\u00fc\u015f\u00fcmler sa\u011flamaktay\u0131z. Yap\u0131lan i\u015flerde [&hellip;]<\/p>\n","protected":false},"author":1,"featured_media":0,"parent":0,"menu_order":0,"comment_status":"closed","ping_status":"open","template":"","meta":{"footnotes":""},"class_list":["post-2","page","type-page","status-publish","hentry"],"_links":{"self":[{"href":"https:\/\/akalininsaat.com\/index.php\/wp-json\/wp\/v2\/pages\/2","targetHints":{"allow":["GET"]}}],"collection":[{"href":"https:\/\/akalininsaat.com\/index.php\/wp-json\/wp\/v2\/pages"}],"about":[{"href":"https:\/\/akalininsaat.com\/index.php\/wp-json\/wp\/v2\/types\/page"}],"author":[{"embeddable":true,"href":"https:\/\/akalininsaat.com\/index.php\/wp-json\/wp\/v2\/users\/1"}],"replies":[{"embeddable":true,"href":"https:\/\/akalininsaat.com\/index.php\/wp-json\/wp\/v2\/comments?post=2"}],"version-history":[{"count":10,"href":"https:\/\/akalininsaat.com\/index.php\/wp-json\/wp\/v2\/pages\/2\/revisions"}],"predecessor-version":[{"id":1848,"href":"https:\/\/akalininsaat.com\/index.php\/wp-json\/wp\/v2\/pages\/2\/revisions\/1848"}],"wp:attachment":[{"href":"https:\/\/akalininsaat.com\/index.php\/wp-json\/wp\/v2\/media?parent=2"}],"curies":[{"name":"wp","href":"https:\/\/api.w.org\/{rel}","templated":true}]}}