{"id":209,"date":"2019-09-25T09:58:33","date_gmt":"2019-09-25T09:58:33","guid":{"rendered":"http:\/\/www.nicdarkthemes.com\/themes\/construction\/wp\/demo\/construction\/?page_id=209"},"modified":"2024-02-27T13:55:49","modified_gmt":"2024-02-27T13:55:49","slug":"footer-2","status":"publish","type":"page","link":"https:\/\/akalininsaat.com\/index.php\/footer-2\/","title":{"rendered":"Footer"},"content":{"rendered":"<p>[vc_row full_width=&#8221;stretch_row&#8221; css=&#8221;.vc_custom_1569581240395{background-image: url(http:\/\/akalininsaat.com\/wp-content\/uploads\/2019\/09\/paral-04.jpg?id=409) !important;background-position: center !important;background-repeat: no-repeat !important;background-size: cover !important;}&#8221;][vc_column css=&#8221;.vc_custom_1540217898647{padding-right: 30px !important;padding-left: 30px !important;}&#8221;][vc_row_inner css=&#8221;.vc_custom_1569405969923{padding-top: 70px !important;padding-bottom: 70px !important;}&#8221;][vc_column_inner width=&#8221;1\/2&#8243; css=&#8221;.vc_custom_1540218745910{padding-right: 25px !important;}&#8221;]<div style=\"background-color:;height: 10px\" class=\"nicdark_section  \"><\/div>\n    <div style=\"text-align:left\" class=\"nd_options_section\">\n      <img decoding=\"async\" alt=\"\" style=\"width:300px\" class=\" nd_options_margin_0 nd_options_padding_0 \" src=\"https:\/\/akalininsaat.com\/wp-content\/uploads\/2023\/07\/logo-akalin-300x78-1.png\">\n    <\/div>\n   <div style=\"background-color:;height: 25px\" class=\"nicdark_section  \"><\/div>[vc_column_text]<span style=\"color: #ffffff;\"> Akal\u0131n \u0130n\u015faat 20 y\u0131l\u0131 a\u015fan tecr\u00fcbesi ile in\u015faat sekt\u00f6r\u00fcndeki g\u00fcvenilirli\u011fini ve yenilik\u00e7i dinamizmi ile b\u00fcy\u00fcmesini s\u00fcrd\u00fcrmektedir. \u0130n\u015faat Yap\u0131m\u0131 Azami Derecede \u00d6zen g\u00f6sterilmesi gereken bir faaliyet alan\u0131d\u0131r.<\/span>[\/vc_column_text]<div style=\"background-color:;height: 25px\" class=\"nicdark_section  \"><\/div>\n\t\n\t<a style=\"margin:0px 20px 0px 0px;border: px solid;border-radius:px;background-color:;padding:\" rel=\"\" target=\"_blank\" href=\"https:\/\/www.facebook.com\/akalininsaatt?mibextid=ZbWKwL\" class=\"nicdark_display_inline_block nd_options_float_left  \"><img decoding=\"async\" class=\"nd_options_float_left\" alt=\"\" width=\"22\" src=\"https:\/\/akalininsaat.com\/wp-content\/uploads\/2019\/09\/icon-social2-white.png\"><\/a>\n\t\n\n\t\n\t<a style=\"margin:0px 20px 0px 0px;border: px solid;border-radius:px;background-color:;padding:\" rel=\"\" target=\"_blank\" href=\"https:\/\/www.instagram.com\/akalininsaatt\/\" class=\"nicdark_display_inline_block nd_options_float_left  \"><img decoding=\"async\" class=\"nd_options_float_left\" alt=\"\" width=\"22\" src=\"https:\/\/akalininsaat.com\/wp-content\/uploads\/2019\/09\/icon-social4-white.png\"><\/a>\n\t\n\n\t\n\t<a style=\"margin:0px 20px 0px 0px;border: px solid;border-radius:px;background-color:;padding:\" rel=\"\" target=\"_blank\" href=\"https:\/\/twitter.com\/akalininsaat\" class=\"nicdark_display_inline_block nd_options_float_left  \"><img decoding=\"async\" class=\"nd_options_float_left\" alt=\"\" width=\"22\" src=\"https:\/\/akalininsaat.com\/wp-content\/uploads\/2024\/02\/icon-socialtw-white.png\"><\/a>\n\t\n<div style=\"background-color:;height: 10px\" class=\"nicdark_section  \"><\/div>[\/vc_column_inner][vc_column_inner width=&#8221;1\/6&#8243;]<div style=\"background-color:;height: 25px\" class=\"nicdark_section  \"><\/div> <h4 style=\"color:#ffffff;padding:px;text-align:;font-size:px;line-height:px;letter-spacing: 2px;font-weight:normal\" class=\"   nd_options_first_font \">Hakk\u0131m\u0131zda<\/h4> <div style=\"background-color:;height: 35px\" class=\"nicdark_section  \"><\/div>[vc_column_text]<span style=\"color: #ffffff;\"><img decoding=\"async\" class=\"\" src=\"http:\/\/akalininsaat.com\/wp-content\/uploads\/2019\/09\/iocn-arrow-right-white.png\" alt=\"\" width=\"10\" \/>\u00a0 \u0130n\u015faat Proje Planlama<\/span><\/p>\n<p><span style=\"color: #ffffff;\"><img decoding=\"async\" class=\"\" src=\"http:\/\/akalininsaat.com\/wp-content\/uploads\/2019\/09\/iocn-arrow-right-white.png\" alt=\"\" width=\"10\" \/>\u00a0 Y\u00f6netim M\u00fchendislik Hizmetleri<\/span><\/p>\n<p><span style=\"color: #ffffff;\"><img decoding=\"async\" class=\"\" src=\"http:\/\/akalininsaat.com\/wp-content\/uploads\/2019\/09\/iocn-arrow-right-white.png\" alt=\"\" width=\"10\" \/>\u00a0 Su ve Is\u0131 \u0130zolasyonu<\/span><\/p>\n<p><span style=\"color: #ffffff;\"><img decoding=\"async\" class=\"\" src=\"http:\/\/akalininsaat.com\/wp-content\/uploads\/2019\/09\/iocn-arrow-right-white.png\" alt=\"\" width=\"10\" \/>\u00a0 Peyzaj &amp; \u00c7evre D\u00fczenleme<\/span>[\/vc_column_text]<div style=\"background-color:;height: 10px\" class=\"nicdark_section  \"><\/div>[\/vc_column_inner][vc_column_inner width=&#8221;1\/6&#8243;]<div style=\"background-color:;height: 25px\" class=\"nicdark_section  \"><\/div> <h4 style=\"color:#ffffff;padding:px;text-align:;font-size:px;line-height:px;letter-spacing: 2px;font-weight:normal\" class=\"   nd_options_first_font \">\u00c7\u00d6Z\u00dcM ORTAKLARIMIZ<\/h4> <div style=\"background-color:;height: 35px\" class=\"nicdark_section  \"><\/div>[vc_column_text]<span style=\"color: #ffffff;\"><img decoding=\"async\" class=\"\" src=\"http:\/\/akalininsaat.com\/wp-content\/uploads\/2019\/09\/iocn-arrow-right-white.png\" alt=\"\" width=\"10\" \/>\u00a0 \u0130nforium Dan\u0131\u015fmanl\u0131k<br \/>\n<img decoding=\"async\" class=\"\" src=\"http:\/\/akalininsaat.com\/wp-content\/uploads\/2019\/09\/iocn-arrow-right-white.png\" alt=\"\" width=\"10\" \/>\u00a0 Publicus\u00a0 E-Ticaret \u00c7\u00f6z\u00fcmleri<br \/>\n<\/span>[\/vc_column_text]<div style=\"background-color:;height: 10px\" class=\"nicdark_section  \"><\/div>[\/vc_column_inner][vc_column_inner width=&#8221;1\/6&#8243;]<div style=\"background-color:;height: 25px\" class=\"nicdark_section  \"><\/div> <h4 style=\"color:#ffffff;padding:px;text-align:;font-size:px;line-height:px;letter-spacing: 2px;font-weight:normal\" class=\"   nd_options_first_font \">\u0130LET\u0130\u015e\u0130M<\/h4> <div style=\"background-color:;height: 35px\" class=\"nicdark_section  \"><\/div>[vc_column_text]<span style=\"color: #ffffff;\" data-wp-editing=\"1\">Bulgurlu mahallesi Market Sokak\u00a0 No : 10 Daire 1<br \/>\nTel : 0216 412 42 63<br \/>\ninfo@akalininsaat.com<br \/>\n<\/span>[\/vc_column_text]<div style=\"background-color:;height: 10px\" class=\"nicdark_section  \"><\/div>[\/vc_column_inner][\/vc_row_inner][vc_row_inner css=&#8221;.vc_custom_1569581597213{border-top-width: 1px !important;border-right-width: 0px !important;border-bottom-width: 0px !important;border-left-width: 0px !important;border-left-color: rgba(255,255,255,0.4) !important;border-left-style: solid !important;border-right-color: rgba(255,255,255,0.4) !important;border-right-style: solid !important;border-top-color: rgba(255,255,255,0.4) !important;border-top-style: solid !important;border-bottom-color: rgba(255,255,255,0.4) !important;border-bottom-style: solid !important;}&#8221;][vc_column_inner width=&#8221;1\/2&#8243; css=&#8221;.vc_custom_1539695353436{padding: 20px !important;}&#8221;] <h6 style=\"color:#ffffff;padding:px;text-align:;font-size:13px;line-height:13px;letter-spacing: 2px;font-weight:normal\" class=\"  nd_options_text_align_center_responsive nd_options_first_font \">PUBL\u0130CUS 2023 PUBL\u0130CUS E-T\u0130CARET \u00c7\u00d6Z\u00dcMLER\u0130.<\/h6> [\/vc_column_inner][vc_column_inner width=&#8221;1\/2&#8243; css=&#8221;.vc_custom_1539695361705{padding: 20px !important;}&#8221;] <h6 style=\"color:#ffffff;padding:px;text-align:right;font-size:13px;line-height:13px;letter-spacing: 2px;font-weight:normal\" class=\"  nd_options_text_align_center_responsive_important nd_options_first_font \">PUBL\u0130CUS 2023 CREATED BY PUBL\u0130CUS STUDIO<\/h6> [\/vc_column_inner][\/vc_row_inner][\/vc_column][\/vc_row]<\/p>\n","protected":false},"excerpt":{"rendered":"<p>[vc_row full_width=&#8221;stretch_row&#8221; css=&#8221;.vc_custom_1569581240395{background-image: url(http:\/\/akalininsaat.com\/wp-content\/uploads\/2019\/09\/paral-04.jpg?id=409) !important;background-position: center !important;background-repeat: no-repeat !important;background-size: cover !important;}&#8221;][vc_column css=&#8221;.vc_custom_1540217898647{padding-right: 30px !important;padding-left: 30px !important;}&#8221;][vc_row_inner css=&#8221;.vc_custom_1569405969923{padding-top: 70px !important;padding-bottom: 70px !important;}&#8221;][vc_column_inner width=&#8221;1\/2&#8243; css=&#8221;.vc_custom_1540218745910{padding-right: 25px !important;}&#8221;][vc_column_text] Akal\u0131n \u0130n\u015faat 20 y\u0131l\u0131 a\u015fan tecr\u00fcbesi ile in\u015faat sekt\u00f6r\u00fcndeki g\u00fcvenilirli\u011fini ve yenilik\u00e7i dinamizmi ile b\u00fcy\u00fcmesini s\u00fcrd\u00fcrmektedir. \u0130n\u015faat Yap\u0131m\u0131 Azami Derecede \u00d6zen g\u00f6sterilmesi gereken bir faaliyet alan\u0131d\u0131r.[\/vc_column_text][\/vc_column_inner][vc_column_inner width=&#8221;1\/6&#8243;][vc_column_text]\u00a0 \u0130n\u015faat Proje Planlama [&hellip;]<\/p>\n","protected":false},"author":1,"featured_media":0,"parent":0,"menu_order":0,"comment_status":"closed","ping_status":"closed","template":"","meta":{"footnotes":""},"class_list":["post-209","page","type-page","status-publish","hentry"],"_links":{"self":[{"href":"https:\/\/akalininsaat.com\/index.php\/wp-json\/wp\/v2\/pages\/209","targetHints":{"allow":["GET"]}}],"collection":[{"href":"https:\/\/akalininsaat.com\/index.php\/wp-json\/wp\/v2\/pages"}],"about":[{"href":"https:\/\/akalininsaat.com\/index.php\/wp-json\/wp\/v2\/types\/page"}],"author":[{"embeddable":true,"href":"https:\/\/akalininsaat.com\/index.php\/wp-json\/wp\/v2\/users\/1"}],"replies":[{"embeddable":true,"href":"https:\/\/akalininsaat.com\/index.php\/wp-json\/wp\/v2\/comments?post=209"}],"version-history":[{"count":21,"href":"https:\/\/akalininsaat.com\/index.php\/wp-json\/wp\/v2\/pages\/209\/revisions"}],"predecessor-version":[{"id":2010,"href":"https:\/\/akalininsaat.com\/index.php\/wp-json\/wp\/v2\/pages\/209\/revisions\/2010"}],"wp:attachment":[{"href":"https:\/\/akalininsaat.com\/index.php\/wp-json\/wp\/v2\/media?parent=209"}],"curies":[{"name":"wp","href":"https:\/\/api.w.org\/{rel}","templated":true}]}}